{"id":2,"date":"2019-11-26T08:24:03","date_gmt":"2019-11-26T08:24:03","guid":{"rendered":"http:\/\/mysteryproject.es\/?page_id=2"},"modified":"2019-12-29T22:43:08","modified_gmt":"2019-12-29T22:43:08","slug":"pagina-ejemplo","status":"publish","type":"page","link":"https:\/\/mysteryproject.es\/index.php\/pagina-ejemplo\/","title":{"rendered":"Nuestros clientes&#8230;"},"content":{"rendered":"\n<figure class=\"wp-block-image size-large is-resized\"><img decoding=\"async\" src=\"https:\/\/mysteryproject.es\/wp-content\/uploads\/2019\/12\/Transparent-background-copia-e1577468831855.png\" alt=\"\" class=\"wp-image-102\" width=\"58\" height=\"66\"\/><\/figure>\n\n\n\n<p>\u00bfOs hab\u00e9is fijado en nuestro logo? \u00bfQu\u00e9 sentido tendr\u00eda enumerar aqu\u00ed a nuestros clientes? Nuestra discreci\u00f3n va por delante, nuestros clientes merecen todo el anonimato y nuestros proyectos toda la confidencialidad; son nuestro mayor tesoro, y les custodiamos sus secretos.<\/p>\n\n\n\n<p>A cambio, os dejamos algunas frases chulas sobre los clientes: <\/p>\n\n\n\n<blockquote class=\"wp-block-quote is-layout-flow wp-block-quote-is-layout-flow\"><p> <strong>1.<\/strong>&nbsp;\u201cHagas lo que hagas, hazlo tan bien para que vuelvan y adem\u00e1s traigan a sus amigos\u201d &nbsp;<strong>Walt Disney.<\/strong><\/p><p><strong>2.<\/strong>&nbsp;\u201cNo me quejar\u00e9, simplemente no regresar\u00e9\u201d.&nbsp;<strong>An\u00f3nimo*<\/strong>.<\/p><p><strong>3.<\/strong>&nbsp;\u201cTu objetivo como empresa no es tener solamente el mejor servicio al cliente, sino que sea legendario\u201d.&nbsp;<strong>Sam Walton<\/strong>, fundador de Wal-Mart.<\/p><p><strong>4.<\/strong>&nbsp;\u201cEstar a la par en precio y calidad s\u00f3lo te mete al juego, el servicio es lo que te hace ganarlo\u201d.&nbsp;<strong>Tony Alessandra<\/strong>, escritor, emprendedor y conferenciante motivacional.<\/p><p><strong>5.<\/strong>&nbsp;\u201cNunca subestimes el poder de un cliente enojado\u201d. &nbsp;<strong>Joel Ross<\/strong>, presentador.<\/p><p><strong>6.<\/strong>&nbsp;\u201cNosotros vemos a nuestros clientes como los invitados de una fiesta en la que nosotros somos los anfitriones. Nuestro trabajo es hacer que la experiencia del cliente sea un poco mejor cada d\u00eda\u201d.&nbsp;<strong>Jeff Bezos<\/strong>, CEO de Amazon.<\/p><p><strong>7.<\/strong>&nbsp;\u201cSi quieres ser sabio,aprende a interrogar razonablemente, a escuchar con atenci\u00f3n, a responder serenamente y a callar cuando no tengas nada que decir\u201d.&nbsp;<strong>Johann Kaspar<\/strong>, escritor, fil\u00f3sofo y te\u00f3logo.<\/p><p><strong>8.<\/strong>&nbsp;\u201cTu cliente m\u00e1s insatisfecho es tu mejor fuente de aprendizaje\u201d.&nbsp;<strong>Bill Gates,<\/strong>&nbsp;Founder de Microsoft<\/p><p><strong>9.&nbsp;<\/strong>\u201cUn hombre sin una sonrisa en la cara no deber\u00eda abrir una tienda\u201d.&nbsp;<strong>Proverbio chino.<\/strong><\/p><p><strong>10.<\/strong>&nbsp;\u201cEl servicio al cliente no es un departamento, es una actitud\u201d.&nbsp;<strong>An\u00f3nimo.<\/strong><\/p><p><strong>11.<\/strong>&nbsp;\u201cLos clientes no esperan que seas perfecto. Esperan que les aportes soluciones cuando tienen alg\u00fan problema\u201d.&nbsp;<strong>Donald Porter<\/strong>, V.P, de British Airways<\/p><p><strong>12.<\/strong>&nbsp;\u201cUn cliente bien atendido podr\u00eda ser m\u00e1s valioso que invertir 10.000 d\u00f3lares en publicidad\u201d.&nbsp;<strong>Jim Rohn,<\/strong>emprendedor y conferenciante motivacional<\/p><p><strong>13.<\/strong>&nbsp;\u201cSi no cuidamos a nuestros clientes, alguien lo har\u00e1\u201d.&nbsp;<strong>An\u00f3nimo.<\/strong><\/p><p><strong>14.<\/strong>&nbsp;\u201cCrea un cliente, no una venta\u201d. &nbsp;<strong>Katherine Barchetti,<\/strong>&nbsp;experta en ventas y servicio al cliente.<\/p><p><strong>15.<\/strong>&nbsp;\u201cConcretar una venta es importante, pero lograr la fidelidad de los clientes es vital\u201d.&nbsp;<strong>Stan Rapp<\/strong>, pionero del marketing directo, escritor y CEO de Engauge.<\/p><p><strong>16.<\/strong>&nbsp;\u201cCuanto m\u00e1s se implique con su cliente, las cosas se vuelven m\u00e1s claras y m\u00e1s f\u00e1cil es determinar lo que deber\u00eda hacer\u201d.&nbsp;<strong>John Russell,<\/strong>&nbsp;Presidente de Harley Davidson<\/p><p><strong>17.<\/strong>&nbsp;\u201cA menos que tus clientes est\u00e9n 100% satisfechos, debes mejorar\u201d.&nbsp;<strong>Horst Schulz.<\/strong><\/p><p><strong>18.<\/strong>&nbsp;\u201cMantente cerca de tus clientes. Tan cerca que seas t\u00fa el que les diga lo que necesitan mucho antes de que ellos se den cuenta de que lo necesitan\u201d.&nbsp;<strong>Steve Jobs,<\/strong>&nbsp;Fundador de Apple.<\/p><p><strong>19.<\/strong>&nbsp;\u201cDale al cliente siempre m\u00e1s de lo que espera\u201d.&nbsp;<strong>Nelson Boswell.<\/strong><\/p><p><strong>20.<\/strong>&nbsp;\u201cAl cliente hay que atenderle bien y r\u00e1pido. Un cliente bien atendido pasa a ser suscriptor de tu empresa\u201d.&nbsp;<strong>Ricardo Lop<\/strong>, propietario Aceros de Hispania. <\/p><\/blockquote>\n","protected":false},"excerpt":{"rendered":"<p>\u00bfOs hab\u00e9is fijado en nuestro logo? \u00bfQu\u00e9 sentido tendr\u00eda enumerar aqu\u00ed a nuestros clientes? Nuestra discreci\u00f3n va por delante, nuestros clientes merecen todo el anonimato y nuestros proyectos toda la confidencialidad; son nuestro mayor tesoro, y les custodiamos sus secretos. A cambio, os dejamos algunas frases chulas sobre los clientes: 1.&nbsp;\u201cHagas lo que hagas, hazlo [&hellip;]<\/p>\n","protected":false},"author":1,"featured_media":0,"parent":0,"menu_order":0,"comment_status":"closed","ping_status":"open","template":"","meta":{"_monsterinsights_skip_tracking":false,"_monsterinsights_sitenote_active":false,"_monsterinsights_sitenote_note":"","_monsterinsights_sitenote_category":0,"footnotes":""},"class_list":["post-2","page","type-page","status-publish","hentry"],"aioseo_notices":[],"_links":{"self":[{"href":"https:\/\/mysteryproject.es\/index.php\/wp-json\/wp\/v2\/pages\/2","targetHints":{"allow":["GET"]}}],"collection":[{"href":"https:\/\/mysteryproject.es\/index.php\/wp-json\/wp\/v2\/pages"}],"about":[{"href":"https:\/\/mysteryproject.es\/index.php\/wp-json\/wp\/v2\/types\/page"}],"author":[{"embeddable":true,"href":"https:\/\/mysteryproject.es\/index.php\/wp-json\/wp\/v2\/users\/1"}],"replies":[{"embeddable":true,"href":"https:\/\/mysteryproject.es\/index.php\/wp-json\/wp\/v2\/comments?post=2"}],"version-history":[{"count":4,"href":"https:\/\/mysteryproject.es\/index.php\/wp-json\/wp\/v2\/pages\/2\/revisions"}],"predecessor-version":[{"id":141,"href":"https:\/\/mysteryproject.es\/index.php\/wp-json\/wp\/v2\/pages\/2\/revisions\/141"}],"wp:attachment":[{"href":"https:\/\/mysteryproject.es\/index.php\/wp-json\/wp\/v2\/media?parent=2"}],"curies":[{"name":"wp","href":"https:\/\/api.w.org\/{rel}","templated":true}]}}